





{"id":527,"date":"2022-09-13T10:41:19","date_gmt":"2022-09-13T08:41:19","guid":{"rendered":"https:\/\/chateauvieux.monsieurbouillon.ch\/?page_id=527"},"modified":"2026-02-05T15:27:00","modified_gmt":"2026-02-05T14:27:00","slug":"reservation","status":"publish","type":"page","link":"https:\/\/chateauvieux.ch\/fr\/reservation\/","title":{"rendered":"R\u00e9servation"},"content":{"rendered":"    <div class=\"container-fluid hero-page cms\" style=\"background-image: url('https:\/\/chateauvieux.ch\/app\/uploads\/2024\/08\/Domaine-de-Chateauvieux_Terrasse-du-restaurant-\u00a9-Guillaume-Cottancin-8.jpg');\" id=\"hero_block\">\n\n    <a href=\"https:\/\/chateauvieux.ch\/fr\/\" class=\"hero-logo-link\" > \n        <span class=\"hero-logo\" style=\"background-image: url('https:\/\/chateauvieux.ch\/app\/uploads\/2022\/12\/domaine-chateauvieux-logo-white.svg');\"><\/span>\n    <\/a>\n          <h1 class=\"hero-title\"> R\u00e9servation <\/h1>\n    \n              <div class=\"row discover-row\">\n        <div class=\"col-md-12\">\n        <a href=\"#bouillon-content\" class=\"skip\">\n                      D\u00e9couvrir\n                      <i class=\"fa-solid fa-chevron-down\"><\/i>\n        <\/a>\n        <\/div>\n      <\/div>\n     \n  <\/div>\n\n<div id=\"bouillon-content\"><\/div>\n\n<div class=\"container contact-title-container\">\n  <div class=\"fields-title\"> <h3> Le Domaine de Ch\u00e2teauvieux <\/h3> <\/div>\n  <div class=\"fields-description\"> Exp\u00e9rience gastronomique d&#8217;exception au c\u0153ur de la campagne genevoise <\/div>\n  <div class=\"fields-description contact-place\"> <a href=\"https:\/\/www.google.com\/maps\/dir\/\/domaine+de+chateauvieux\/data=!4m6!4m5!1m1!4e2!1m2!1m1!1s0x478c7d3292dc6923:0x3238778d36d546c8?sa=X&#038;ved=2ahUKEwit7oTwvIX8AhX5Y6QEHacaB_0Q9Rd6BAhqEAQ\"> Chemin de Ch\u00e2teauvieux 16, Peney-Dessus, 1242 Satigny <\/a> <\/div>\n  <div class=\"fields-description contact-phone\"> <a href=\"tel:+41 (0)22 753 15 11\"> Tel: +41 (0)22 753 15 11 <\/a> <\/div>\n<\/div>\n\n<div class=\"container schedule-container\">\n\t<div class=\"row\">\n\t\t\n          <div class=\"single-day\">\n        <span class=\"day-name\">\n        MARDI\n        <\/span>\n        <span class=\"lunch-schedule\">\n        12h00 &#8211; 14h00\n        <\/span>\n        <span class=\"evening-schedule\">\n        19h00 &#8211; 22h00\n        <\/span>\n      <\/div>\n          <div class=\"single-day\">\n        <span class=\"day-name\">\n        MECREDI\n        <\/span>\n        <span class=\"lunch-schedule\">\n        12h00 &#8211; 14h00\n        <\/span>\n        <span class=\"evening-schedule\">\n        19h00 &#8211; 22h00\n        <\/span>\n      <\/div>\n          <div class=\"single-day\">\n        <span class=\"day-name\">\n        JEUDI\n        <\/span>\n        <span class=\"lunch-schedule\">\n        12h00 &#8211; 14h00\n        <\/span>\n        <span class=\"evening-schedule\">\n        19h00 &#8211; 22h00\n        <\/span>\n      <\/div>\n          <div class=\"single-day\">\n        <span class=\"day-name\">\n        VENDREDI\n        <\/span>\n        <span class=\"lunch-schedule\">\n        12h00 &#8211; 14h00\n        <\/span>\n        <span class=\"evening-schedule\">\n        19h00 &#8211; 22h00\n        <\/span>\n      <\/div>\n          <div class=\"single-day\">\n        <span class=\"day-name\">\n        SAMEDI\n        <\/span>\n        <span class=\"lunch-schedule\">\n        12h00 &#8211; 14h00\n        <\/span>\n        <span class=\"evening-schedule\">\n        19h00 &#8211; 22h00\n        <\/span>\n      <\/div>\n    \t\t\n\t<\/div>\n<\/div>\n\n<section class=\"block-image-text bg-right\"  id=\"booking\" style=\"background-color:#f5f2ef; background-image: url('');\">\n  <div class=\"container block-wrapper\">\n    <div class=\"row\">\n      \n    <div class=\"col-md-6 bloc-image-gallery\">\n      <div class=\"container-fluid\">\n        <div class=\"row\">\n                        \n                        \n            \n              <!-- Slider main container -->\n              <div id=\"cmsSlider\" class=\"swiper cms-swiper\">\n                <!-- Additional required wrapper -->\n                <div class=\"swiper-wrapper\">\n\n              \n                \n                  <div class=\"swiper-slide\">\n                    <img decoding=\"async\" class=\"swiper-slide\" src=\"https:\/\/chateauvieux.ch\/app\/uploads\/2023\/02\/chateauvieux-reserver-mainroom.jpg\">\n                  <\/div>\n\n                \n                  <div class=\"swiper-slide\">\n                    <img decoding=\"async\" class=\"swiper-slide\" src=\"https:\/\/chateauvieux.ch\/app\/uploads\/2023\/02\/chateauvieux-reserver-cellarroom.jpg\">\n                  <\/div>\n\n                \n                  <div class=\"swiper-slide\">\n                    <img decoding=\"async\" class=\"swiper-slide\" src=\"https:\/\/chateauvieux.ch\/app\/uploads\/2023\/02\/chateauvieux-reserver-table-hotes.jpg\">\n                  <\/div>\n\n                                <\/div>\n                <!-- If we need pagination -->\n                <div class=\"swiper-pagination \"><\/div>\n                \n                                <!-- If we need scrollbar -->\n                \n                <div class=\"swiper-scrollbar\"><\/div>\n\n                <div class=\"autoplay-progress\">\n                  <svg viewBox=\"0 0 48 48\">\n                    <circle cx=\"24\" cy=\"24\" r=\"20\"><\/circle>\n                  <\/svg>\n                <span><\/span>\n              <\/div>\n            <\/div>\n                      <\/div>\n        <\/div>\n      <\/div>\n\n      <div class=\"col-md-6 content-column\">\n        <div class=\"fields-subtitle\">\n          <h5> Le choix de la table <\/h5>\n        <\/div>\n        <div class=\"fields-title\">\n          <h3> R\u00c9SERVATION <\/h3>\n        <\/div>\n        <div class=\"fields-description\">\n          <p>Afin de faciliter votre r\u00e9servation, vous avez d\u00e9sormais la possibilit\u00e9 de s\u00e9lectionner l\u2019espace de votre choix :<\/p>\n<ul>\n<li><strong>La salle principale<\/strong><br \/>\n<em>un choix de menu au pr\u00e9alable est demand\u00e9 pour les tables \u00e0 partir de 6 personnes<\/em><\/li>\n<li><strong>La table d&#8217;h\u00f4tes<\/strong>, au c\u0153ur de la cuisine<br \/>\n<em>un menu surprise est servi \u00e0 l&#8217;ensemble de la table suivant l&#8217;inspiration du Chef<\/em><\/li>\n<li><strong>Le cellier,<\/strong> une salle privative avec une vue sur la cave des vins<br \/>\n<em>un menu choisi au pr\u00e9alable est demand\u00e9 pour l&#8217;ensemble de la table<\/em><\/li>\n<\/ul>\n<p>Une empreinte bancaire peut vous \u00eatre demand\u00e9e pour confirmer votre r\u00e9servation.<\/p>\n\n        <\/div>\n        <div class=\"button-container-wrapper\">\n\n                      <div class=\"row button-container\">\n              <a href=\"https:\/\/widget.thefork.com\/5dd750bf-7f87-4e34-a07a-91ffe506f6f2\" class=\"fields-button\">\n                JE R\u00c9SERVE\n              <\/a>\n                                        <\/div>\n            \n\n        <\/div>\n      <\/div>\n    <\/div>\n  <\/div>\n<\/section>\n\n\n<div class=\"container reservation-page-container\" id=\"\">\n  <div class=\"row\">\n    <div class=\"col-md-12 title-col\">\n      <h3 class=\"fields-title\"> Pour r\u00e9server <\/h3>\n    <\/div>\n  <\/div>\n  <div class=\"row\">\n    <div class=\"col-md-4 phone-col infos-col\">\n      <a href=\"tel:+41227531511\" class=\"fields-button gold-button phone-button\" >\n        <i class=\"fa-solid fa-phone\"><\/i> +41227531511\n      <\/a>\n    <\/div>\n        <div class=\"col-md-4  booking-col infos-col\">\n      <a href=\"https:\/\/be-p1.synxis.com\/?adult=2&#038;chain=8565&#038;child=0&#038;config=chateauvieuxconfig&#038;hotel=22838&#038;level=hotel&#038;locale=fr-FR&#038;rooms=1&#038;theme=chateauvieuxtheme\" target=\"_blank\" class=\"fields-button gold-button booking-room-button booking-button\">\n        <i class=\"fa-solid fa-bed\"><\/i> Une Chambre\n      <\/a>\n    <\/div>\n    <div class=\"col-md-4  booking-col infos-col\">\n      <a href=\"https:\/\/chateauvieux.secretbox.ch\/?lang=fr_FR\" target=\"_blank\"  class=\"fields-button gold-button booking-room-button booking-button\">\n          <i class=\"fa-solid fa-gift\"><\/i>Un bon cadeau\n        <\/a>\n    <\/div>\n  <\/div>\n<\/div>\n","protected":false},"excerpt":{"rendered":"","protected":false},"author":2,"featured_media":0,"parent":0,"menu_order":13,"comment_status":"closed","ping_status":"closed","template":"","meta":{"inline_featured_image":false,"footnotes":""},"class_list":["post-527","page","type-page","status-publish","hentry"],"acf":[],"yoast_head":"<!-- This site is optimized with the Yoast SEO plugin v23.9 - https:\/\/yoast.com\/wordpress\/plugins\/seo\/ -->\n<title>R\u00e9servation - Domaine de Ch\u00e2teauvieux<\/title>\n<meta name=\"description\" content=\"Une exp\u00e9rience gastronomique d&#039;exception au c\u0153ur de la campagne genevoise.\" \/>\n<meta name=\"robots\" content=\"index, follow, max-snippet:-1, max-image-preview:large, max-video-preview:-1\" \/>\n<link rel=\"canonical\" href=\"https:\/\/chateauvieux.ch\/fr\/reservation\/\" \/>\n<meta property=\"og:locale\" content=\"fr_FR\" \/>\n<meta property=\"og:type\" content=\"article\" \/>\n<meta property=\"og:title\" content=\"R\u00e9servation - Domaine de Ch\u00e2teauvieux\" \/>\n<meta property=\"og:description\" content=\"Une exp\u00e9rience gastronomique d&#039;exception au c\u0153ur de la campagne genevoise.\" \/>\n<meta property=\"og:url\" content=\"https:\/\/chateauvieux.ch\/fr\/reservation\/\" \/>\n<meta property=\"og:site_name\" content=\"Domaine de Ch\u00e2teauvieux\" \/>\n<meta property=\"article:modified_time\" content=\"2026-02-05T14:27:00+00:00\" \/>\n<meta name=\"twitter:card\" content=\"summary_large_image\" \/>\n<script type=\"application\/ld+json\" class=\"yoast-schema-graph\">{\"@context\":\"https:\/\/schema.org\",\"@graph\":[{\"@type\":\"WebPage\",\"@id\":\"https:\/\/chateauvieux.ch\/fr\/reservation\/\",\"url\":\"https:\/\/chateauvieux.ch\/fr\/reservation\/\",\"name\":\"R\u00e9servation - Domaine de Ch\u00e2teauvieux\",\"isPartOf\":{\"@id\":\"https:\/\/chateauvieux.ch\/fr\/#website\"},\"datePublished\":\"2022-09-13T08:41:19+00:00\",\"dateModified\":\"2026-02-05T14:27:00+00:00\",\"description\":\"Une exp\u00e9rience gastronomique d'exception au c\u0153ur de la campagne genevoise.\",\"breadcrumb\":{\"@id\":\"https:\/\/chateauvieux.ch\/fr\/reservation\/#breadcrumb\"},\"inLanguage\":\"fr-FR\",\"potentialAction\":[{\"@type\":\"ReadAction\",\"target\":[\"https:\/\/chateauvieux.ch\/fr\/reservation\/\"]}]},{\"@type\":\"BreadcrumbList\",\"@id\":\"https:\/\/chateauvieux.ch\/fr\/reservation\/#breadcrumb\",\"itemListElement\":[{\"@type\":\"ListItem\",\"position\":1,\"name\":\"Home\",\"item\":\"https:\/\/chateauvieux.ch\/fr\/\"},{\"@type\":\"ListItem\",\"position\":2,\"name\":\"R\u00e9servation\"}]},{\"@type\":\"WebSite\",\"@id\":\"https:\/\/chateauvieux.ch\/fr\/#website\",\"url\":\"https:\/\/chateauvieux.ch\/fr\/\",\"name\":\"Domaine de Ch\u00e2teauvieux\",\"description\":\"Restaurant Gastronomique et H\u00f4tel\",\"publisher\":{\"@id\":\"https:\/\/chateauvieux.ch\/fr\/#organization\"},\"potentialAction\":[{\"@type\":\"SearchAction\",\"target\":{\"@type\":\"EntryPoint\",\"urlTemplate\":\"https:\/\/chateauvieux.ch\/fr\/?s={search_term_string}\"},\"query-input\":{\"@type\":\"PropertyValueSpecification\",\"valueRequired\":true,\"valueName\":\"search_term_string\"}}],\"inLanguage\":\"fr-FR\"},{\"@type\":\"Organization\",\"@id\":\"https:\/\/chateauvieux.ch\/fr\/#organization\",\"name\":\"Domaine de Ch\u00e2teauvieux\",\"url\":\"https:\/\/chateauvieux.ch\/fr\/\",\"logo\":{\"@type\":\"ImageObject\",\"inLanguage\":\"fr-FR\",\"@id\":\"https:\/\/chateauvieux.ch\/fr\/#\/schema\/logo\/image\/\",\"url\":\"https:\/\/chateauvieux.ch\/app\/uploads\/2022\/12\/domaine-chateauvieux-logo-white.svg\",\"contentUrl\":\"https:\/\/chateauvieux.ch\/app\/uploads\/2022\/12\/domaine-chateauvieux-logo-white.svg\",\"caption\":\"Domaine de Ch\u00e2teauvieux\"},\"image\":{\"@id\":\"https:\/\/chateauvieux.ch\/fr\/#\/schema\/logo\/image\/\"}}]}<\/script>\n<!-- \/ Yoast SEO plugin. -->","yoast_head_json":{"title":"R\u00e9servation - Domaine de Ch\u00e2teauvieux","description":"Une exp\u00e9rience gastronomique d'exception au c\u0153ur de la campagne genevoise.","robots":{"index":"index","follow":"follow","max-snippet":"max-snippet:-1","max-image-preview":"max-image-preview:large","max-video-preview":"max-video-preview:-1"},"canonical":"https:\/\/chateauvieux.ch\/fr\/reservation\/","og_locale":"fr_FR","og_type":"article","og_title":"R\u00e9servation - Domaine de Ch\u00e2teauvieux","og_description":"Une exp\u00e9rience gastronomique d'exception au c\u0153ur de la campagne genevoise.","og_url":"https:\/\/chateauvieux.ch\/fr\/reservation\/","og_site_name":"Domaine de Ch\u00e2teauvieux","article_modified_time":"2026-02-05T14:27:00+00:00","twitter_card":"summary_large_image","schema":{"@context":"https:\/\/schema.org","@graph":[{"@type":"WebPage","@id":"https:\/\/chateauvieux.ch\/fr\/reservation\/","url":"https:\/\/chateauvieux.ch\/fr\/reservation\/","name":"R\u00e9servation - Domaine de Ch\u00e2teauvieux","isPartOf":{"@id":"https:\/\/chateauvieux.ch\/fr\/#website"},"datePublished":"2022-09-13T08:41:19+00:00","dateModified":"2026-02-05T14:27:00+00:00","description":"Une exp\u00e9rience gastronomique d'exception au c\u0153ur de la campagne genevoise.","breadcrumb":{"@id":"https:\/\/chateauvieux.ch\/fr\/reservation\/#breadcrumb"},"inLanguage":"fr-FR","potentialAction":[{"@type":"ReadAction","target":["https:\/\/chateauvieux.ch\/fr\/reservation\/"]}]},{"@type":"BreadcrumbList","@id":"https:\/\/chateauvieux.ch\/fr\/reservation\/#breadcrumb","itemListElement":[{"@type":"ListItem","position":1,"name":"Home","item":"https:\/\/chateauvieux.ch\/fr\/"},{"@type":"ListItem","position":2,"name":"R\u00e9servation"}]},{"@type":"WebSite","@id":"https:\/\/chateauvieux.ch\/fr\/#website","url":"https:\/\/chateauvieux.ch\/fr\/","name":"Domaine de Ch\u00e2teauvieux","description":"Restaurant Gastronomique et H\u00f4tel","publisher":{"@id":"https:\/\/chateauvieux.ch\/fr\/#organization"},"potentialAction":[{"@type":"SearchAction","target":{"@type":"EntryPoint","urlTemplate":"https:\/\/chateauvieux.ch\/fr\/?s={search_term_string}"},"query-input":{"@type":"PropertyValueSpecification","valueRequired":true,"valueName":"search_term_string"}}],"inLanguage":"fr-FR"},{"@type":"Organization","@id":"https:\/\/chateauvieux.ch\/fr\/#organization","name":"Domaine de Ch\u00e2teauvieux","url":"https:\/\/chateauvieux.ch\/fr\/","logo":{"@type":"ImageObject","inLanguage":"fr-FR","@id":"https:\/\/chateauvieux.ch\/fr\/#\/schema\/logo\/image\/","url":"https:\/\/chateauvieux.ch\/app\/uploads\/2022\/12\/domaine-chateauvieux-logo-white.svg","contentUrl":"https:\/\/chateauvieux.ch\/app\/uploads\/2022\/12\/domaine-chateauvieux-logo-white.svg","caption":"Domaine de Ch\u00e2teauvieux"},"image":{"@id":"https:\/\/chateauvieux.ch\/fr\/#\/schema\/logo\/image\/"}}]}},"_links":{"self":[{"href":"https:\/\/chateauvieux.ch\/fr\/wp-json\/wp\/v2\/pages\/527"}],"collection":[{"href":"https:\/\/chateauvieux.ch\/fr\/wp-json\/wp\/v2\/pages"}],"about":[{"href":"https:\/\/chateauvieux.ch\/fr\/wp-json\/wp\/v2\/types\/page"}],"author":[{"embeddable":true,"href":"https:\/\/chateauvieux.ch\/fr\/wp-json\/wp\/v2\/users\/2"}],"replies":[{"embeddable":true,"href":"https:\/\/chateauvieux.ch\/fr\/wp-json\/wp\/v2\/comments?post=527"}],"version-history":[{"count":108,"href":"https:\/\/chateauvieux.ch\/fr\/wp-json\/wp\/v2\/pages\/527\/revisions"}],"predecessor-version":[{"id":8044,"href":"https:\/\/chateauvieux.ch\/fr\/wp-json\/wp\/v2\/pages\/527\/revisions\/8044"}],"wp:attachment":[{"href":"https:\/\/chateauvieux.ch\/fr\/wp-json\/wp\/v2\/media?parent=527"}],"curies":[{"name":"wp","href":"https:\/\/api.w.org\/{rel}","templated":true}]}}