





{"id":318,"date":"2022-09-02T10:09:05","date_gmt":"2022-09-02T08:09:05","guid":{"rendered":"http:\/\/localhost:8888\/?page_id=318"},"modified":"2026-02-05T14:50:52","modified_gmt":"2026-02-05T13:50:52","slug":"accueil","status":"publish","type":"page","link":"https:\/\/chateauvieux.ch\/fr\/","title":{"rendered":"Accueil"},"content":{"rendered":"       <div class=\"container-fluid container-video\" id=\"hero_block\">\n    <div class=\"hero-cms-content-wrapper\">\n        <a href=\"https:\/\/chateauvieux.ch\/fr\/\" class=\"hero-logo-center\" id=\"video-hero-logo-center\" style=\"display: none;\"> \n            <img decoding=\"async\" class=\"hero-logo\" id=\"headerLogo\" src=\"https:\/\/chateauvieux.ch\/app\/uploads\/2022\/12\/domaine-chateauvieux-logo-white.svg\" \/>\n        <\/a>\n        <div class=\"video-titles\" style=\"display: none;\">   \n            <h1><\/h1>\n                    \n            <div class=\"group_links\">\n                                    <a class=\"link-f link-button link-hero\" href=\"https:\/\/chateauvieux.ch\/fr\/restaurant\/\">Le Restaurant<\/a>\n                                                    <a class=\"link-s link-button\" href=\"https:\/\/chateauvieux.ch\/fr\/les-chambres\/\">Les Chambres<\/a>\n                            <\/div>\n        <\/div>\n    <\/div>\n    <div class=\"video-hero \">\n                                    <video muted autoplay loop playsinline preload=\"metadata\" defaultmuted class=\"lazy-hidden\">\n            <source src=\"https:\/\/chateauvieux.ch\/app\/uploads\/2024\/12\/chateauvieux_web_2.mp4\" type=\"video\/mp4\">\n        <\/video>\n    <\/div>  \n<\/div>\n  <\/div>\n\n<div id=\"bouillon-content\"><\/div>\n\n<section class=\"block-text-image  bg-left\" id=\"domaine\" style=\"background-color:#f5f2ef; background-image: url('');\">\n  <div class=\"container block-wrapper\" >\n    <div class=\"row\">\n\n      <div class=\"col-md-6 content-column\">\n        <div class=\"fields-subtitle\">\n          <h5> D\u00e9couvrir <\/h5>\n        <\/div>\n        <div class=\"fields-title\">\n          <h3> LE DOMAINE DE CH\u00c2TEAUVIEUX <\/h3>\n        <\/div>\n        <div class=\"fields-description\">\n          <p><strong>Situ\u00e9 \u00e0 Satigny, <\/strong><strong>l\u2019une des principales r\u00e9gions viticoles suisse<\/strong>, le Domaine de Ch\u00e2teauvieux offre une vue imprenable sur les rives du Rh\u00f4ne, les montagnes du Jura et les vignes voisines. Un cadre d&#8217;exception pour un s\u00e9jour enchanteur au c\u0153ur de la campagne <strong>\u00e0 seulement 10km du centre de Gen\u00e8ve.<\/strong><\/p>\n<p>Membre de Relais &amp; Ch\u00e2teaux, des Grandes Tables du Monde et des Grandes Tables de Suisse, <strong>le <\/strong><strong>domaine incarne l\u2019excellence de la gastronomie suisse<\/strong>.<\/p>\n\n        <\/div>\n        <div class=\"button-container-wrapper\">\n\n                      <div class=\"row button-container\">\n              <a href=\"\/restaurant#la-carte\" class=\"fields-button\">\n                CARTE\n              <\/a>\n                            <a href=\"\/le-domaine\/\" class=\"fields-button fields-button2\">\n                LES LIEUX\n              <\/a>\n                          <\/div>\n            \n\n        <\/div>\n      <\/div>\n\n      <div class=\"col-md-6 image-column image-right\">\n        <img decoding=\"async\" class=\"image-haut\" src=\"https:\/\/chateauvieux.ch\/app\/uploads\/2026\/02\/Domaine-de-Chateauvieux-Geneve.png\" alt=\"domaine-de-chateauvieux-geneve\">\n      \n      <\/div>\n\n    <\/div>\n  <\/div>\n<\/section>\n\n<section class=\"block-image-text bg-right\"  id=\"\" style=\"background-color:#ffffff; background-image: url('');\">\n  <div class=\"container block-wrapper\">\n    <div class=\"row\">\n      \n    <div class=\"col-md-6 bloc-image-gallery\">\n      <div class=\"container-fluid\">\n        <div class=\"row\">\n                        <img decoding=\"async\" class=\"image-haut\" src=\"https:\/\/chateauvieux.ch\/app\/uploads\/2026\/02\/Domaine-de-Chateauvieux-3.png\" alt=\"domaine-de-chateauvieux-6\">\n                        \n                        \n                      <\/div>\n        <\/div>\n      <\/div>\n\n      <div class=\"col-md-6 content-column\">\n        <div class=\"fields-subtitle\">\n          <h5> Le go\u00fbt de gen\u00e8ve <\/h5>\n        <\/div>\n        <div class=\"fields-title\">\n          <h3> LE RESTAURANT <\/h3>\n        <\/div>\n        <div class=\"fields-description\">\n          <p><strong>Fief du Chef Philippe Chevrier<\/strong>, le Domaine de Ch\u00e2teauvieux est <strong>une adresse de r\u00e9f\u00e9rence pour les amateurs de gastronomie<\/strong>. La table est \u00e9toil\u00e9e au Guide Michelin et not\u00e9e 19\/20 au Gault&amp;Millau depuis plus de 20 ans !<\/p>\n<p>Le Chef propose <strong>une cuisine savoureuse et raffin\u00e9e, exprimant l\u2019excellence des meilleurs produits. <\/strong>La carte met \u00e0 l\u2019honneur les viandes, volailles, poissons et crustac\u00e9s. Les menus de saison subliment quant \u00e0 eux des produits nobles comme le homard breton, le b\u0153uf de Simmental, la truffe noire du Vaucluse en hiver ou la morille au printemps.<\/p>\n\n        <\/div>\n        <div class=\"button-container-wrapper\">\n\n                      <div class=\"row button-container\">\n              <a href=\"\/restaurant#la-carte\" class=\"fields-button\">\n                CARTE\n              <\/a>\n                            <a href=\"https:\/\/chateauvieux.secretbox.ch\" class=\"fields-button fields-button2\">\n                OFFRIR\n              <\/a>\n                          <\/div>\n            \n\n        <\/div>\n      <\/div>\n    <\/div>\n  <\/div>\n<\/section>\n\n\n<section class=\"reservation-container\" style=\"background-image: linear-gradient(180deg, transparent  30%, rgba(0, 0, 0, 0.5) 120%), url('https:\/\/chateauvieux.ch\/app\/uploads\/2026\/02\/Low-Quality-JPG-Domaine-de-Chateauvieux-Decembre-2025-150.jpg')\" alt=\"low-quality-jpg-domaine-de-chateauvieux-decembre-2025-150\">\n  <a href=\"https:\/\/chateauvieux.secretbox.ch\" class=\"reservation-link\">\n    <div class=\"container\">\n      <div class=\"row\">\n        <div class=\"content-block-reservation\">\n          <div class=\"col-md-12 fields-subtitle col-xs-12\">\n            <p> D\u00e9couvrez notre s\u00e9lection <\/p> \n          <\/div>\n          <div class=\"col-md-12 fields-title col-xs-12\">\n            <h2> BONS ET COFFRETS CADEAUX <\/h2>\n          <\/div>\n            \n          <div class=\"col-md-12 col-xs-12\">\n          <p class=\"fields-description\"> Pour vivre et partager des moments inoubliables autour de la gastronomie <\/p>\n          <\/div>\n          <div class=\"col-md-12 single-menu-button\">\n            <p> D\u00c9COUVRIR NOS OFFRES <i class=\"fa-solid fa-chevron-right fa-sm\"><\/i> <\/p>\n          <\/div>\n        <\/div>\n      <\/div>\n    <\/div>\n  <\/a>\n<\/section>\n\n  <section class=\"socials-container\" style=\"background-color:#ededed;\">\n  <div class=\"container\">\n    <div class=\"row\">\n    <div class=\"col-md-2 \"><\/div>\n      <div class=\"col-md-4 fields-title\">\n        <h4> Suivez-nous <\/h4>\n       \n      <\/div>\n      <div class=\"col-md-4\">\n        <div class=\"fields-socials\">\n            <a href=\"https:\/\/www.instagram.com\/domaine_de_chateauvieux\/?hl=fr\" target=\"_blank\"> <i class=\"fa-brands fa-instagram fa-2xl\"><\/i> <\/a>\n            <a href=\"https:\/\/www.facebook.com\/DomaineDeChateauvieux\/\" target=\"_blank\"> <i class=\"fa-brands fa-facebook fa-2xl\"><\/i> <\/a>\n            <a href=\"https:\/\/www.linkedin.com\/company\/domaine-de-ch-teauvieux\/?originalSubdomain=ch\" target=\"_blank\"> <i class=\"fa-brands fa-linkedin fa-2xl\"><\/i> <\/a>\n          <\/div>\n      <\/div>\n      <div class=\"col-md-2 \"><\/div>\n          <\/div>\n  <\/div>\n<\/section>","protected":false},"excerpt":{"rendered":"","protected":false},"author":2,"featured_media":0,"parent":0,"menu_order":1,"comment_status":"closed","ping_status":"closed","template":"","meta":{"inline_featured_image":false,"footnotes":""},"class_list":["post-318","page","type-page","status-publish","hentry"],"acf":[],"yoast_head":"<!-- This site is optimized with the Yoast SEO plugin v23.9 - https:\/\/yoast.com\/wordpress\/plugins\/seo\/ -->\n<title>Accueil - Domaine de Ch\u00e2teauvieux<\/title>\n<meta name=\"description\" content=\"Situ\u00e9 \u00e0 seulement 10km du centre de Gen\u00e8ve, le Domaine de Ch\u00e2teauvieux est une adresse de r\u00e9f\u00e9rence pour les amateurs de gastronomie.\" \/>\n<meta name=\"robots\" content=\"index, follow, max-snippet:-1, max-image-preview:large, max-video-preview:-1\" \/>\n<link rel=\"canonical\" href=\"https:\/\/chateauvieux.ch\/fr\/\" \/>\n<meta property=\"og:locale\" content=\"fr_FR\" \/>\n<meta property=\"og:type\" content=\"article\" \/>\n<meta property=\"og:title\" content=\"Accueil - Domaine de Ch\u00e2teauvieux\" \/>\n<meta property=\"og:description\" content=\"Situ\u00e9 \u00e0 seulement 10km du centre de Gen\u00e8ve, le Domaine de Ch\u00e2teauvieux est une adresse de r\u00e9f\u00e9rence pour les amateurs de gastronomie.\" \/>\n<meta property=\"og:url\" content=\"https:\/\/chateauvieux.ch\/fr\/\" \/>\n<meta property=\"og:site_name\" content=\"Domaine de Ch\u00e2teauvieux\" \/>\n<meta property=\"article:modified_time\" content=\"2026-02-05T13:50:52+00:00\" \/>\n<meta name=\"twitter:card\" content=\"summary_large_image\" \/>\n<script type=\"application\/ld+json\" class=\"yoast-schema-graph\">{\"@context\":\"https:\/\/schema.org\",\"@graph\":[{\"@type\":\"WebPage\",\"@id\":\"https:\/\/chateauvieux.ch\/fr\/\",\"url\":\"https:\/\/chateauvieux.ch\/fr\/\",\"name\":\"Accueil - Domaine de Ch\u00e2teauvieux\",\"isPartOf\":{\"@id\":\"https:\/\/chateauvieux.ch\/fr\/#website\"},\"datePublished\":\"2022-09-02T08:09:05+00:00\",\"dateModified\":\"2026-02-05T13:50:52+00:00\",\"description\":\"Situ\u00e9 \u00e0 seulement 10km du centre de Gen\u00e8ve, le Domaine de Ch\u00e2teauvieux est une adresse de r\u00e9f\u00e9rence pour les amateurs de gastronomie.\",\"breadcrumb\":{\"@id\":\"https:\/\/chateauvieux.ch\/fr\/#breadcrumb\"},\"inLanguage\":\"fr-FR\",\"potentialAction\":[{\"@type\":\"ReadAction\",\"target\":[\"https:\/\/chateauvieux.ch\/fr\/\"]}]},{\"@type\":\"BreadcrumbList\",\"@id\":\"https:\/\/chateauvieux.ch\/fr\/#breadcrumb\",\"itemListElement\":[{\"@type\":\"ListItem\",\"position\":1,\"name\":\"Home\",\"item\":\"https:\/\/chateauvieux.ch\/fr\/\"},{\"@type\":\"ListItem\",\"position\":2,\"name\":\"Accueil\"}]},{\"@type\":\"WebSite\",\"@id\":\"https:\/\/chateauvieux.ch\/fr\/#website\",\"url\":\"https:\/\/chateauvieux.ch\/fr\/\",\"name\":\"Domaine de Ch\u00e2teauvieux\",\"description\":\"Restaurant Gastronomique et H\u00f4tel\",\"publisher\":{\"@id\":\"https:\/\/chateauvieux.ch\/fr\/#organization\"},\"potentialAction\":[{\"@type\":\"SearchAction\",\"target\":{\"@type\":\"EntryPoint\",\"urlTemplate\":\"https:\/\/chateauvieux.ch\/fr\/?s={search_term_string}\"},\"query-input\":{\"@type\":\"PropertyValueSpecification\",\"valueRequired\":true,\"valueName\":\"search_term_string\"}}],\"inLanguage\":\"fr-FR\"},{\"@type\":\"Organization\",\"@id\":\"https:\/\/chateauvieux.ch\/fr\/#organization\",\"name\":\"Domaine de Ch\u00e2teauvieux\",\"url\":\"https:\/\/chateauvieux.ch\/fr\/\",\"logo\":{\"@type\":\"ImageObject\",\"inLanguage\":\"fr-FR\",\"@id\":\"https:\/\/chateauvieux.ch\/fr\/#\/schema\/logo\/image\/\",\"url\":\"https:\/\/chateauvieux.ch\/app\/uploads\/2022\/12\/domaine-chateauvieux-logo-white.svg\",\"contentUrl\":\"https:\/\/chateauvieux.ch\/app\/uploads\/2022\/12\/domaine-chateauvieux-logo-white.svg\",\"caption\":\"Domaine de Ch\u00e2teauvieux\"},\"image\":{\"@id\":\"https:\/\/chateauvieux.ch\/fr\/#\/schema\/logo\/image\/\"}}]}<\/script>\n<!-- \/ Yoast SEO plugin. -->","yoast_head_json":{"title":"Accueil - Domaine de Ch\u00e2teauvieux","description":"Situ\u00e9 \u00e0 seulement 10km du centre de Gen\u00e8ve, le Domaine de Ch\u00e2teauvieux est une adresse de r\u00e9f\u00e9rence pour les amateurs de gastronomie.","robots":{"index":"index","follow":"follow","max-snippet":"max-snippet:-1","max-image-preview":"max-image-preview:large","max-video-preview":"max-video-preview:-1"},"canonical":"https:\/\/chateauvieux.ch\/fr\/","og_locale":"fr_FR","og_type":"article","og_title":"Accueil - Domaine de Ch\u00e2teauvieux","og_description":"Situ\u00e9 \u00e0 seulement 10km du centre de Gen\u00e8ve, le Domaine de Ch\u00e2teauvieux est une adresse de r\u00e9f\u00e9rence pour les amateurs de gastronomie.","og_url":"https:\/\/chateauvieux.ch\/fr\/","og_site_name":"Domaine de Ch\u00e2teauvieux","article_modified_time":"2026-02-05T13:50:52+00:00","twitter_card":"summary_large_image","schema":{"@context":"https:\/\/schema.org","@graph":[{"@type":"WebPage","@id":"https:\/\/chateauvieux.ch\/fr\/","url":"https:\/\/chateauvieux.ch\/fr\/","name":"Accueil - Domaine de Ch\u00e2teauvieux","isPartOf":{"@id":"https:\/\/chateauvieux.ch\/fr\/#website"},"datePublished":"2022-09-02T08:09:05+00:00","dateModified":"2026-02-05T13:50:52+00:00","description":"Situ\u00e9 \u00e0 seulement 10km du centre de Gen\u00e8ve, le Domaine de Ch\u00e2teauvieux est une adresse de r\u00e9f\u00e9rence pour les amateurs de gastronomie.","breadcrumb":{"@id":"https:\/\/chateauvieux.ch\/fr\/#breadcrumb"},"inLanguage":"fr-FR","potentialAction":[{"@type":"ReadAction","target":["https:\/\/chateauvieux.ch\/fr\/"]}]},{"@type":"BreadcrumbList","@id":"https:\/\/chateauvieux.ch\/fr\/#breadcrumb","itemListElement":[{"@type":"ListItem","position":1,"name":"Home","item":"https:\/\/chateauvieux.ch\/fr\/"},{"@type":"ListItem","position":2,"name":"Accueil"}]},{"@type":"WebSite","@id":"https:\/\/chateauvieux.ch\/fr\/#website","url":"https:\/\/chateauvieux.ch\/fr\/","name":"Domaine de Ch\u00e2teauvieux","description":"Restaurant Gastronomique et H\u00f4tel","publisher":{"@id":"https:\/\/chateauvieux.ch\/fr\/#organization"},"potentialAction":[{"@type":"SearchAction","target":{"@type":"EntryPoint","urlTemplate":"https:\/\/chateauvieux.ch\/fr\/?s={search_term_string}"},"query-input":{"@type":"PropertyValueSpecification","valueRequired":true,"valueName":"search_term_string"}}],"inLanguage":"fr-FR"},{"@type":"Organization","@id":"https:\/\/chateauvieux.ch\/fr\/#organization","name":"Domaine de Ch\u00e2teauvieux","url":"https:\/\/chateauvieux.ch\/fr\/","logo":{"@type":"ImageObject","inLanguage":"fr-FR","@id":"https:\/\/chateauvieux.ch\/fr\/#\/schema\/logo\/image\/","url":"https:\/\/chateauvieux.ch\/app\/uploads\/2022\/12\/domaine-chateauvieux-logo-white.svg","contentUrl":"https:\/\/chateauvieux.ch\/app\/uploads\/2022\/12\/domaine-chateauvieux-logo-white.svg","caption":"Domaine de Ch\u00e2teauvieux"},"image":{"@id":"https:\/\/chateauvieux.ch\/fr\/#\/schema\/logo\/image\/"}}]}},"_links":{"self":[{"href":"https:\/\/chateauvieux.ch\/fr\/wp-json\/wp\/v2\/pages\/318"}],"collection":[{"href":"https:\/\/chateauvieux.ch\/fr\/wp-json\/wp\/v2\/pages"}],"about":[{"href":"https:\/\/chateauvieux.ch\/fr\/wp-json\/wp\/v2\/types\/page"}],"author":[{"embeddable":true,"href":"https:\/\/chateauvieux.ch\/fr\/wp-json\/wp\/v2\/users\/2"}],"replies":[{"embeddable":true,"href":"https:\/\/chateauvieux.ch\/fr\/wp-json\/wp\/v2\/comments?post=318"}],"version-history":[{"count":764,"href":"https:\/\/chateauvieux.ch\/fr\/wp-json\/wp\/v2\/pages\/318\/revisions"}],"predecessor-version":[{"id":7996,"href":"https:\/\/chateauvieux.ch\/fr\/wp-json\/wp\/v2\/pages\/318\/revisions\/7996"}],"wp:attachment":[{"href":"https:\/\/chateauvieux.ch\/fr\/wp-json\/wp\/v2\/media?parent=318"}],"curies":[{"name":"wp","href":"https:\/\/api.w.org\/{rel}","templated":true}]}}