





{"id":2615,"date":"2022-12-19T15:57:01","date_gmt":"2022-12-19T14:57:01","guid":{"rendered":"https:\/\/chateauvieux.monsieurbouillon.ch\/?page_id=2615"},"modified":"2026-02-05T15:18:57","modified_gmt":"2026-02-05T14:18:57","slug":"les-chambres","status":"publish","type":"page","link":"https:\/\/chateauvieux.ch\/fr\/les-chambres\/","title":{"rendered":"Les Chambres"},"content":{"rendered":"    <div class=\"container-fluid hero-page cms\" style=\"background-image: url('https:\/\/chateauvieux.ch\/app\/uploads\/2024\/08\/Les-chambres.jpg');\" id=\"hero_block\">\n\n    <a href=\"https:\/\/chateauvieux.ch\/fr\/\" class=\"hero-logo-link\" > \n        <span class=\"hero-logo\" style=\"background-image: url('https:\/\/chateauvieux.ch\/app\/uploads\/2022\/12\/domaine-chateauvieux-logo-white.svg');\"><\/span>\n    <\/a>\n          <h1 class=\"hero-title\"> Les Chambres <\/h1>\n    \n              <div class=\"row discover-row\">\n        <div class=\"col-md-12\">\n        <a href=\"#bouillon-content\" class=\"skip\">\n                      D\u00e9couvrir\n                      <i class=\"fa-solid fa-chevron-down\"><\/i>\n        <\/a>\n        <\/div>\n      <\/div>\n     \n  <\/div>\n\n<div id=\"bouillon-content\"><\/div>\n\n<section class=\"block-text-image  bg-left\" id=\"\" style=\"background-color:#f5f2ef; background-image: url('');\">\n  <div class=\"container block-wrapper\" >\n    <div class=\"row\">\n\n      <div class=\"col-md-6 content-column\">\n        <div class=\"fields-subtitle\">\n          <h5> Les chambres du domaine <\/h5>\n        <\/div>\n        <div class=\"fields-title\">\n          <h3> UNE MAISON CONVIVIALE ET CHALEUREUSE <\/h3>\n        <\/div>\n        <div class=\"fields-description\">\n          <p>Dans cette ancienne b\u00e2tisse su\u00adperbement r\u00e9nov\u00e9e, <strong>la d\u00e9coration fait la part belle aux mat\u00e9riaux bruts et naturels.<\/strong> Un \u00e9crin rustique empreint de chaleur et d\u2019authenticit\u00e9, qui abrite un h\u00f4tel de 12 chambres et une Suite alliant charme intemporel et touches contem\u00adporaines. <strong>La promesse d\u2019un s\u00e9jour enchanteur dans une atmosph\u00e8re douce et apaisante avec un accueil personnalis\u00e9 de notre \u00e9quipe.<\/strong><\/p>\n\n        <\/div>\n        <div class=\"button-container-wrapper\">\n\n                      <div class=\"row button-container\">\n              <a href=\"\/reservation\" class=\"fields-button\">\n                R\u00c9SERVEZ UNE CHAMBRE\n              <\/a>\n                                        <\/div>\n            \n\n        <\/div>\n      <\/div>\n\n      <div class=\"col-md-6 image-column image-right\">\n        <img decoding=\"async\" class=\"image-haut\" src=\"https:\/\/chateauvieux.ch\/app\/uploads\/2024\/08\/Domaine-de-Chateauvieux_La-reception-\u00a9-Mathilda-Perrot-2.jpg\" alt=\"domaine-de-chateauvieux_la-reception-mathilda-perrot-2\">\n      \n      <\/div>\n\n    <\/div>\n  <\/div>\n<\/section>\n\n<section class=\"block-image-text bg-right\"  id=\"\" style=\"background-color:; background-image: url('');\">\n  <div class=\"container block-wrapper\">\n    <div class=\"row\">\n      \n    <div class=\"col-md-6 bloc-image-gallery\">\n      <div class=\"container-fluid\">\n        <div class=\"row\">\n                        <img decoding=\"async\" class=\"image-haut\" src=\"https:\/\/chateauvieux.ch\/app\/uploads\/2024\/08\/Domaine-de-Chateauvieux-chambres-\u00a9-Guillaume-Cottancin-1.jpg\" alt=\"domaine-de-chateauvieux-chambres-guillaume-cottancin-1\">\n                        \n                        \n                      <\/div>\n        <\/div>\n      <\/div>\n\n      <div class=\"col-md-6 content-column\">\n        <div class=\"fields-subtitle\">\n          <h5> Tout confort <\/h5>\n        <\/div>\n        <div class=\"fields-title\">\n          <h3> UN CHARME INTEMPOREL <\/h3>\n        <\/div>\n        <div class=\"fields-description\">\n          <p>T\u00e9l\u00e9vision par satellite, wifi, minibar, coffre fort, t\u00e9l\u00e9phone direct, parking priv\u00e9 gratuit, climatisation individuelle, room service, buffet pour le petit d\u00e9jeuner, tout est pr\u00e9vu pour votre confort.<\/p>\n\n        <\/div>\n        <div class=\"button-container-wrapper\">\n\n                      <div class=\"row button-container\">\n              <a href=\"\/contact\" class=\"fields-button\">\n                CONTACT\n              <\/a>\n                                        <\/div>\n            \n\n        <\/div>\n      <\/div>\n    <\/div>\n  <\/div>\n<\/section>\n\n\n<section class=\"block-image-text bg-right\"  id=\"\" style=\"background-color:#f5f2ef; background-image: url('');\">\n  <div class=\"container block-wrapper\">\n    <div class=\"row\">\n      \n    <div class=\"col-md-6 bloc-image-gallery\">\n      <div class=\"container-fluid\">\n        <div class=\"row\">\n                        <img decoding=\"async\" class=\"image-haut\" src=\"https:\/\/chateauvieux.ch\/app\/uploads\/2025\/07\/Domaine-de-Chateauvieux-Vues-aeriennes-drone-BD-\u00a9-Guillaume-Cottancin-15.jpg\" alt=\"default-4\">\n                        \n                        \n                      <\/div>\n        <\/div>\n      <\/div>\n\n      <div class=\"col-md-6 content-column\">\n        <div class=\"fields-subtitle\">\n          <h5> Le charme de la campagne genevoise <\/h5>\n        <\/div>\n        <div class=\"fields-title\">\n          <h3> LOISIRS ET D\u00c9COUVERTES  <\/h3>\n        <\/div>\n        <div class=\"fields-description\">\n          <p><span class=\"OYPEnA font-feature-liga-off font-feature-clig-off font-feature-calt-off text-decoration-none text-strikethrough-none\">Que vous soyez amateur de gastronomie ou curieux de d\u00e9couvrir les richesses de la r\u00e9gion, nous avons tout pour vous satisfaire !\u00a0<\/span><\/p>\n<p><span class=\"OYPEnA font-feature-liga-off font-feature-clig-off font-feature-calt-off text-decoration-none text-strikethrough-none\"><strong>Visite de vignobles et d\u00e9gustations<br \/>\n<\/strong><\/span><span class=\"OYPEnA font-feature-liga-off font-feature-clig-off font-feature-calt-off text-decoration-none text-strikethrough-none\">Situ\u00e9e \u00e0 l\u2019ouest de Gen\u00e8ve, Satigny est la plus grande commune viticole de Suisse. Son terroir exceptionnel, marqu\u00e9 par un climat temp\u00e9r\u00e9 et des sols calcaires, permet la production de vins vari\u00e9s: blancs frais (Chasselas, Sauvignon Blanc) et rouges \u00e9l\u00e9gants (Gamay, Pinot Noir, Merlot). <\/span><span class=\"OYPEnA font-feature-liga-off font-feature-clig-off font-feature-calt-off text-decoration-none text-strikethrough-none\">Engag\u00e9s dans une viticulture durable, les vignerons locaux allient tradition et innovation, renfor\u00e7ant la renomm\u00e9e de Satigny sur la sc\u00e8ne viticole. <\/span><span class=\"OYPEnA font-feature-liga-off font-feature-clig-off font-feature-calt-off text-decoration-none text-strikethrough-none\">Une destination incontournable pour les amateurs de vin !<\/p>\n<p><strong>Randonn\u00e9es<br \/>\n<\/strong>Le village de Satigny offre un cadre id\u00e9al pour les amateurs de randonn\u00e9e. Entre vignobles vallonn\u00e9s, for\u00eats paisibles et vues imprenables sur le Jura et les Alpes, les sentiers de la r\u00e9gion permettent de d\u00e9couvrir une nature pr\u00e9serv\u00e9e et des panoramas magnifiques. Parmi les itin\u00e9raires pris\u00e9s : la balade entre les vignes le long du Rh\u00f4ne et les sentiers qui traversent des hameaux pittoresques comme Bourdigny et Choully.<\/p>\n<p>Notre \u00e9quipe est \u00e0 votre disposition pour organiser des activit\u00e9s sur-mesure.<br \/>\n<\/span><\/p>\n\n        <\/div>\n        <div class=\"button-container-wrapper\">\n\n                      <div class=\"row button-container\">\n              <a href=\"\/contact\" class=\"fields-button\">\n                CONTACT\n              <\/a>\n                                        <\/div>\n            \n\n        <\/div>\n      <\/div>\n    <\/div>\n  <\/div>\n<\/section>\n\n\n<section class=\"reservation-container\" style=\"background-image: linear-gradient(180deg, transparent  30%, rgba(0, 0, 0, 0.5) 120%), url('https:\/\/chateauvieux.ch\/app\/uploads\/2026\/02\/Low-Quality-JPG-Domaine-de-Chateauvieux-Decembre-2025-101.jpg')\" alt=\"low-quality-jpg-domaine-de-chateauvieux-decembre-2025-101-2\">\n  <a href=\"https:\/\/chateauvieux.secretbox.ch\" class=\"reservation-link\">\n    <div class=\"container\">\n      <div class=\"row\">\n        <div class=\"content-block-reservation\">\n          <div class=\"col-md-12 fields-subtitle col-xs-12\">\n            <p> D\u00e9couvrez notre s\u00e9lection <\/p> \n          <\/div>\n          <div class=\"col-md-12 fields-title col-xs-12\">\n            <h2> BONS ET COFFRETS CADEAUX  <\/h2>\n          <\/div>\n            \n          <div class=\"col-md-12 col-xs-12\">\n          <p class=\"fields-description\"> Pour vivre et partager des moments inoubliables autour de la gastronomie <\/p>\n          <\/div>\n          <div class=\"col-md-12 single-menu-button\">\n            <p> D\u00c9COUVRIR NOS OFFRES <i class=\"fa-solid fa-chevron-right fa-sm\"><\/i> <\/p>\n          <\/div>\n        <\/div>\n      <\/div>\n    <\/div>\n  <\/a>\n<\/section>\n\n  <section class=\"socials-container\" style=\"background-color:#ededed;\">\n  <div class=\"container\">\n    <div class=\"row\">\n    <div class=\"col-md-2 \"><\/div>\n      <div class=\"col-md-4 fields-title\">\n        <h4> Suivez-nous <\/h4>\n       \n      <\/div>\n      <div class=\"col-md-4\">\n        <div class=\"fields-socials\">\n            <a href=\"https:\/\/www.instagram.com\/domaine_de_chateauvieux\/?hl=fr\" target=\"_blank\"> <i class=\"fa-brands fa-instagram fa-2xl\"><\/i> <\/a>\n            <a href=\"https:\/\/www.facebook.com\/DomaineDeChateauvieux\/\" target=\"_blank\"> <i class=\"fa-brands fa-facebook fa-2xl\"><\/i> <\/a>\n            <a href=\"https:\/\/www.linkedin.com\/company\/domaine-de-ch-teauvieux\/?originalSubdomain=ch\" target=\"_blank\"> <i class=\"fa-brands fa-linkedin fa-2xl\"><\/i> <\/a>\n          <\/div>\n      <\/div>\n      <div class=\"col-md-2 \"><\/div>\n          <\/div>\n  <\/div>\n<\/section>","protected":false},"excerpt":{"rendered":"","protected":false},"author":2,"featured_media":0,"parent":0,"menu_order":10,"comment_status":"closed","ping_status":"closed","template":"","meta":{"inline_featured_image":false,"footnotes":""},"class_list":["post-2615","page","type-page","status-publish","hentry"],"acf":[],"yoast_head":"<!-- This site is optimized with the Yoast SEO plugin v23.9 - https:\/\/yoast.com\/wordpress\/plugins\/seo\/ -->\n<title>Les Chambres - Domaine de Ch\u00e2teauvieux<\/title>\n<meta name=\"description\" content=\"Le Domaine de Ch\u00e2teauvieux poss\u00e8de 12 chambre et une Suite offrant la promesse d\u2019un s\u00e9jour enchanteur dans une atmosph\u00e8re douce et apaisante.\u00a0\" \/>\n<meta name=\"robots\" content=\"index, follow, max-snippet:-1, max-image-preview:large, max-video-preview:-1\" \/>\n<link rel=\"canonical\" href=\"https:\/\/chateauvieux.ch\/fr\/les-chambres\/\" \/>\n<meta property=\"og:locale\" content=\"fr_FR\" \/>\n<meta property=\"og:type\" content=\"article\" \/>\n<meta property=\"og:title\" content=\"Les Chambres - Domaine de Ch\u00e2teauvieux\" \/>\n<meta property=\"og:description\" content=\"Le Domaine de Ch\u00e2teauvieux poss\u00e8de 12 chambre et une Suite offrant la promesse d\u2019un s\u00e9jour enchanteur dans une atmosph\u00e8re douce et apaisante.\u00a0\" \/>\n<meta property=\"og:url\" content=\"https:\/\/chateauvieux.ch\/fr\/les-chambres\/\" \/>\n<meta property=\"og:site_name\" content=\"Domaine de Ch\u00e2teauvieux\" \/>\n<meta property=\"article:modified_time\" content=\"2026-02-05T14:18:57+00:00\" \/>\n<meta name=\"twitter:card\" content=\"summary_large_image\" \/>\n<script type=\"application\/ld+json\" class=\"yoast-schema-graph\">{\"@context\":\"https:\/\/schema.org\",\"@graph\":[{\"@type\":\"WebPage\",\"@id\":\"https:\/\/chateauvieux.ch\/fr\/les-chambres\/\",\"url\":\"https:\/\/chateauvieux.ch\/fr\/les-chambres\/\",\"name\":\"Les Chambres - Domaine de Ch\u00e2teauvieux\",\"isPartOf\":{\"@id\":\"https:\/\/chateauvieux.ch\/fr\/#website\"},\"datePublished\":\"2022-12-19T14:57:01+00:00\",\"dateModified\":\"2026-02-05T14:18:57+00:00\",\"description\":\"Le Domaine de Ch\u00e2teauvieux poss\u00e8de 12 chambre et une Suite offrant la promesse d\u2019un s\u00e9jour enchanteur dans une atmosph\u00e8re douce et apaisante.\u00a0\",\"breadcrumb\":{\"@id\":\"https:\/\/chateauvieux.ch\/fr\/les-chambres\/#breadcrumb\"},\"inLanguage\":\"fr-FR\",\"potentialAction\":[{\"@type\":\"ReadAction\",\"target\":[\"https:\/\/chateauvieux.ch\/fr\/les-chambres\/\"]}]},{\"@type\":\"BreadcrumbList\",\"@id\":\"https:\/\/chateauvieux.ch\/fr\/les-chambres\/#breadcrumb\",\"itemListElement\":[{\"@type\":\"ListItem\",\"position\":1,\"name\":\"Home\",\"item\":\"https:\/\/chateauvieux.ch\/fr\/\"},{\"@type\":\"ListItem\",\"position\":2,\"name\":\"Les Chambres\"}]},{\"@type\":\"WebSite\",\"@id\":\"https:\/\/chateauvieux.ch\/fr\/#website\",\"url\":\"https:\/\/chateauvieux.ch\/fr\/\",\"name\":\"Domaine de Ch\u00e2teauvieux\",\"description\":\"Restaurant Gastronomique et H\u00f4tel\",\"publisher\":{\"@id\":\"https:\/\/chateauvieux.ch\/fr\/#organization\"},\"potentialAction\":[{\"@type\":\"SearchAction\",\"target\":{\"@type\":\"EntryPoint\",\"urlTemplate\":\"https:\/\/chateauvieux.ch\/fr\/?s={search_term_string}\"},\"query-input\":{\"@type\":\"PropertyValueSpecification\",\"valueRequired\":true,\"valueName\":\"search_term_string\"}}],\"inLanguage\":\"fr-FR\"},{\"@type\":\"Organization\",\"@id\":\"https:\/\/chateauvieux.ch\/fr\/#organization\",\"name\":\"Domaine de Ch\u00e2teauvieux\",\"url\":\"https:\/\/chateauvieux.ch\/fr\/\",\"logo\":{\"@type\":\"ImageObject\",\"inLanguage\":\"fr-FR\",\"@id\":\"https:\/\/chateauvieux.ch\/fr\/#\/schema\/logo\/image\/\",\"url\":\"https:\/\/chateauvieux.ch\/app\/uploads\/2022\/12\/domaine-chateauvieux-logo-white.svg\",\"contentUrl\":\"https:\/\/chateauvieux.ch\/app\/uploads\/2022\/12\/domaine-chateauvieux-logo-white.svg\",\"caption\":\"Domaine de Ch\u00e2teauvieux\"},\"image\":{\"@id\":\"https:\/\/chateauvieux.ch\/fr\/#\/schema\/logo\/image\/\"}}]}<\/script>\n<!-- \/ Yoast SEO plugin. -->","yoast_head_json":{"title":"Les Chambres - Domaine de Ch\u00e2teauvieux","description":"Le Domaine de Ch\u00e2teauvieux poss\u00e8de 12 chambre et une Suite offrant la promesse d\u2019un s\u00e9jour enchanteur dans une atmosph\u00e8re douce et apaisante.\u00a0","robots":{"index":"index","follow":"follow","max-snippet":"max-snippet:-1","max-image-preview":"max-image-preview:large","max-video-preview":"max-video-preview:-1"},"canonical":"https:\/\/chateauvieux.ch\/fr\/les-chambres\/","og_locale":"fr_FR","og_type":"article","og_title":"Les Chambres - Domaine de Ch\u00e2teauvieux","og_description":"Le Domaine de Ch\u00e2teauvieux poss\u00e8de 12 chambre et une Suite offrant la promesse d\u2019un s\u00e9jour enchanteur dans une atmosph\u00e8re douce et apaisante.\u00a0","og_url":"https:\/\/chateauvieux.ch\/fr\/les-chambres\/","og_site_name":"Domaine de Ch\u00e2teauvieux","article_modified_time":"2026-02-05T14:18:57+00:00","twitter_card":"summary_large_image","schema":{"@context":"https:\/\/schema.org","@graph":[{"@type":"WebPage","@id":"https:\/\/chateauvieux.ch\/fr\/les-chambres\/","url":"https:\/\/chateauvieux.ch\/fr\/les-chambres\/","name":"Les Chambres - Domaine de Ch\u00e2teauvieux","isPartOf":{"@id":"https:\/\/chateauvieux.ch\/fr\/#website"},"datePublished":"2022-12-19T14:57:01+00:00","dateModified":"2026-02-05T14:18:57+00:00","description":"Le Domaine de Ch\u00e2teauvieux poss\u00e8de 12 chambre et une Suite offrant la promesse d\u2019un s\u00e9jour enchanteur dans une atmosph\u00e8re douce et apaisante.\u00a0","breadcrumb":{"@id":"https:\/\/chateauvieux.ch\/fr\/les-chambres\/#breadcrumb"},"inLanguage":"fr-FR","potentialAction":[{"@type":"ReadAction","target":["https:\/\/chateauvieux.ch\/fr\/les-chambres\/"]}]},{"@type":"BreadcrumbList","@id":"https:\/\/chateauvieux.ch\/fr\/les-chambres\/#breadcrumb","itemListElement":[{"@type":"ListItem","position":1,"name":"Home","item":"https:\/\/chateauvieux.ch\/fr\/"},{"@type":"ListItem","position":2,"name":"Les Chambres"}]},{"@type":"WebSite","@id":"https:\/\/chateauvieux.ch\/fr\/#website","url":"https:\/\/chateauvieux.ch\/fr\/","name":"Domaine de Ch\u00e2teauvieux","description":"Restaurant Gastronomique et H\u00f4tel","publisher":{"@id":"https:\/\/chateauvieux.ch\/fr\/#organization"},"potentialAction":[{"@type":"SearchAction","target":{"@type":"EntryPoint","urlTemplate":"https:\/\/chateauvieux.ch\/fr\/?s={search_term_string}"},"query-input":{"@type":"PropertyValueSpecification","valueRequired":true,"valueName":"search_term_string"}}],"inLanguage":"fr-FR"},{"@type":"Organization","@id":"https:\/\/chateauvieux.ch\/fr\/#organization","name":"Domaine de Ch\u00e2teauvieux","url":"https:\/\/chateauvieux.ch\/fr\/","logo":{"@type":"ImageObject","inLanguage":"fr-FR","@id":"https:\/\/chateauvieux.ch\/fr\/#\/schema\/logo\/image\/","url":"https:\/\/chateauvieux.ch\/app\/uploads\/2022\/12\/domaine-chateauvieux-logo-white.svg","contentUrl":"https:\/\/chateauvieux.ch\/app\/uploads\/2022\/12\/domaine-chateauvieux-logo-white.svg","caption":"Domaine de Ch\u00e2teauvieux"},"image":{"@id":"https:\/\/chateauvieux.ch\/fr\/#\/schema\/logo\/image\/"}}]}},"_links":{"self":[{"href":"https:\/\/chateauvieux.ch\/fr\/wp-json\/wp\/v2\/pages\/2615"}],"collection":[{"href":"https:\/\/chateauvieux.ch\/fr\/wp-json\/wp\/v2\/pages"}],"about":[{"href":"https:\/\/chateauvieux.ch\/fr\/wp-json\/wp\/v2\/types\/page"}],"author":[{"embeddable":true,"href":"https:\/\/chateauvieux.ch\/fr\/wp-json\/wp\/v2\/users\/2"}],"replies":[{"embeddable":true,"href":"https:\/\/chateauvieux.ch\/fr\/wp-json\/wp\/v2\/comments?post=2615"}],"version-history":[{"count":148,"href":"https:\/\/chateauvieux.ch\/fr\/wp-json\/wp\/v2\/pages\/2615\/revisions"}],"predecessor-version":[{"id":8035,"href":"https:\/\/chateauvieux.ch\/fr\/wp-json\/wp\/v2\/pages\/2615\/revisions\/8035"}],"wp:attachment":[{"href":"https:\/\/chateauvieux.ch\/fr\/wp-json\/wp\/v2\/media?parent=2615"}],"curies":[{"name":"wp","href":"https:\/\/api.w.org\/{rel}","templated":true}]}}