





{"id":2572,"date":"2022-12-19T13:55:57","date_gmt":"2022-12-19T12:55:57","guid":{"rendered":"https:\/\/chateauvieux.monsieurbouillon.ch\/?page_id=2572"},"modified":"2026-02-03T15:05:10","modified_gmt":"2026-02-03T14:05:10","slug":"le-domaine","status":"publish","type":"page","link":"https:\/\/chateauvieux.ch\/fr\/le-domaine\/","title":{"rendered":"Le Domaine"},"content":{"rendered":"    <div class=\"container-fluid hero-page cms\" style=\"background-image: url('https:\/\/chateauvieux.ch\/app\/uploads\/2024\/08\/Domaine-de-Chateauvieux-\u00a9-Guillaume-Cottancin-2.jpg');\" id=\"hero_block\">\n\n    <a href=\"https:\/\/chateauvieux.ch\/fr\/\" class=\"hero-logo-link\" > \n        <span class=\"hero-logo\" style=\"background-image: url('https:\/\/chateauvieux.ch\/app\/uploads\/2022\/12\/domaine-chateauvieux-logo-white.svg');\"><\/span>\n    <\/a>\n          <h1 class=\"hero-title\"> Le Domaine <\/h1>\n    \n              <div class=\"row discover-row\">\n        <div class=\"col-md-12\">\n        <a href=\"#bouillon-content\" class=\"skip\">\n                      D\u00e9couvrir\n                      <i class=\"fa-solid fa-chevron-down\"><\/i>\n        <\/a>\n        <\/div>\n      <\/div>\n     \n  <\/div>\n\n<div id=\"bouillon-content\"><\/div>\n\n<section class=\"block-text-image  bg-left\" id=\"\" style=\"background-color:#f5f2ef; background-image: url('');\">\n  <div class=\"container block-wrapper\" >\n    <div class=\"row\">\n\n      <div class=\"col-md-6 content-column\">\n        <div class=\"fields-subtitle\">\n          <h5> Les lieux <\/h5>\n        <\/div>\n        <div class=\"fields-title\">\n          <h3> LE DOMAINE <\/h3>\n        <\/div>\n        <div class=\"fields-description\">\n          <p>Le Domaine de Ch\u00e2teauvieux est <strong>une b\u00e2tisse du XVI\u00e8me de tradition vigneronne superbement r\u00e9nov\u00e9e<\/strong>. Il faisait partie de l&#8217;ancien Ch\u00e2teau de Peney. Philippe Chevrier rejoint le Domaine en qualit\u00e9 de Chef en 1986 et il reprend la g\u00e9rance en 1989. Le Domaine poss\u00e9dait le dernier fourneau \u00e0 charbon de Suisse.<\/p>\n<p>Ch\u00e2teauvieux est <strong>un lieu authentique, charg\u00e9 d&#8217;histoire. Un havre de paix o\u00f9 les ma\u00eetres mots sont luxe, calme, s\u00e9r\u00e9nit\u00e9 et simplicit\u00e9<\/strong>. Plusieurs espaces personnalis\u00e9s sont propos\u00e9s pour favoriser la d\u00e9couverte et ponctuer le s\u00e9jour.<\/p>\n\n        <\/div>\n        <div class=\"button-container-wrapper\">\n\n                      <div class=\"row button-container\">\n              <a href=\"\/reservation\" class=\"fields-button\">\n                R\u00c9SERVEZ UNE CHAMBRE\n              <\/a>\n                                        <\/div>\n            \n\n        <\/div>\n      <\/div>\n\n      <div class=\"col-md-6 image-column image-right\">\n        <img decoding=\"async\" class=\"image-haut\" src=\"https:\/\/chateauvieux.ch\/app\/uploads\/2026\/02\/Domaine-de-Chateauvieux-44.jpg\" alt=\"domaine-de-chateauvieux-44\">\n      \n      <\/div>\n\n    <\/div>\n  <\/div>\n<\/section>\n\n<section class=\"block-image-text bg-right\"  id=\"\" style=\"background-color:; background-image: url('https:\/\/chateauvieux.ch\/app\/uploads\/2022\/12\/plat.svg');\">\n  <div class=\"container block-wrapper\">\n    <div class=\"row\">\n      \n    <div class=\"col-md-6 bloc-image-gallery\">\n      <div class=\"container-fluid\">\n        <div class=\"row\">\n                        <img decoding=\"async\" class=\"image-haut\" src=\"https:\/\/chateauvieux.ch\/app\/uploads\/2026\/02\/La-Table-dhotes.png\" alt=\"la-table-dhotes\">\n                        \n                        \n                      <\/div>\n        <\/div>\n      <\/div>\n\n      <div class=\"col-md-6 content-column\">\n        <div class=\"fields-subtitle\">\n          <h5> Le must des gourmets <\/h5>\n        <\/div>\n        <div class=\"fields-title\">\n          <h3> LA TABLE D&#8217;H\u00d4TES <\/h3>\n        <\/div>\n        <div class=\"fields-description\">\n          <p>La table d\u2019h\u00f4tes est une formule tr\u00e8s pris\u00e9e, <strong>une exp\u00e9rience exclusive au c\u0153ur des cuisines<\/strong> pour d\u00e9couvrir l&#8217;art de la gastronomie. Le Chef propose un Menu Surprise suivant son inspiration et les souhaits de ses convives. De 2 \u00e0 6 couverts.<\/p>\n\n        <\/div>\n        <div class=\"button-container-wrapper\">\n\n                      <div class=\"row button-container\">\n              <a href=\"\/reservation\" class=\"fields-button\">\n                R\u00c9SERVEZ\n              <\/a>\n                                        <\/div>\n            \n\n        <\/div>\n      <\/div>\n    <\/div>\n  <\/div>\n<\/section>\n\n\n<section class=\"block-text-image  bg-left\" id=\"\" style=\"background-color:#f5f2ef; background-image: url('');\">\n  <div class=\"container block-wrapper\" >\n    <div class=\"row\">\n\n      <div class=\"col-md-6 content-column\">\n        <div class=\"fields-subtitle\">\n          <h5>  &#8220;alc\u00f4ve&#8221; incontournable <\/h5>\n        <\/div>\n        <div class=\"fields-title\">\n          <h3> LE CELLIER <\/h3>\n        <\/div>\n        <div class=\"fields-description\">\n          <p>Le cellier est <strong>une salle privative pouvant accueillir jusqu&#8217;\u00e0 10 convives. <\/strong>Elle offre une\u00a0vue sur la cave \u00e0 vin, qui abrite plus de 20&#8217;000 flacons avec des crus exceptionnels !<\/p>\n\n        <\/div>\n        <div class=\"button-container-wrapper\">\n\n                      <div class=\"row button-container\">\n              <a href=\"\/reservation\" class=\"fields-button\">\n                R\u00c9SERVEZ\n              <\/a>\n                                        <\/div>\n            \n\n        <\/div>\n      <\/div>\n\n      <div class=\"col-md-6 image-column image-right\">\n        <img decoding=\"async\" class=\"image-haut\" src=\"https:\/\/chateauvieux.ch\/app\/uploads\/2025\/04\/Domaine-de-Chateauvieux_le-cellier-3.jpeg\" alt=\"domaine-de-chateauvieux_le-cellier-3\">\n      \n      <\/div>\n\n    <\/div>\n  <\/div>\n<\/section>\n\n<section class=\"block-image-text bg-right\"  id=\"\" style=\"background-color:; background-image: url('');\">\n  <div class=\"container block-wrapper\">\n    <div class=\"row\">\n      \n    <div class=\"col-md-6 bloc-image-gallery\">\n      <div class=\"container-fluid\">\n        <div class=\"row\">\n                        <img decoding=\"async\" class=\"image-haut\" src=\"https:\/\/chateauvieux.ch\/app\/uploads\/2026\/02\/Domaine-de-Chateauvieux_Le-bar-fumoir-1.jpeg\" alt=\"domaine-de-chateauvieux_le-bar-fumoir-1\">\n                        \n                        \n                      <\/div>\n        <\/div>\n      <\/div>\n\n      <div class=\"col-md-6 content-column\">\n        <div class=\"fields-subtitle\">\n          <h5> Le plaisir int\u00e9gral <\/h5>\n        <\/div>\n        <div class=\"fields-title\">\n          <h3> LE BAR FUMOIR <\/h3>\n        <\/div>\n        <div class=\"fields-description\">\n          <p>Une <strong>atmosph\u00e8re chaleureuse et intimiste<\/strong> pour ce bar \u00e0 alcools rares et \u00e0 cigares.<\/p>\n\n        <\/div>\n        <div class=\"button-container-wrapper\">\n\n                      <div class=\"row button-container\">\n              <a href=\"\/reservation\" class=\"fields-button\">\n                R\u00c9SERVEZ\n              <\/a>\n                                        <\/div>\n            \n\n        <\/div>\n      <\/div>\n    <\/div>\n  <\/div>\n<\/section>\n\n\n<section class=\"block-text-image  bg-left\" id=\"\" style=\"background-color:; background-image: url('');\">\n  <div class=\"container block-wrapper\" >\n    <div class=\"row\">\n\n      <div class=\"col-md-6 content-column\">\n        <div class=\"fields-subtitle\">\n          <h5> Seminaire <\/h5>\n        <\/div>\n        <div class=\"fields-title\">\n          <h3> LA SALLE DE CONF\u00c9RENCE <\/h3>\n        <\/div>\n        <div class=\"fields-description\">\n          <p><strong>Une salle de s\u00e9minaire<\/strong> est \u00e0 votre disposition, comprenant une table centrale pouvant accueillir un<strong> maximum de 8 personnes<\/strong> pour vos r\u00e9unions durant une demi-journ\u00e9e ou une journ\u00e9e.<\/p>\n<p>Diff\u00e9rentes offres vous permettent de profiter du d\u00e9jeuner ou du diner et d&#8217;une nuit dans notre h\u00f4tel.<\/p>\n\n        <\/div>\n        <div class=\"button-container-wrapper\">\n\n                      <div class=\"row button-container\">\n              <a href=\"https:\/\/chateauvieux.ch\/app\/uploads\/2023\/02\/Domaine-de-Chateauvieux-Novembre-2022-Seminaires.pdf\" class=\"fields-button\">\n                D\u00c9COUVRIR LES OFFRES\n              <\/a>\n                                        <\/div>\n            \n\n        <\/div>\n      <\/div>\n\n      <div class=\"col-md-6 image-column image-right\">\n        <img decoding=\"async\" class=\"image-haut\" src=\"https:\/\/chateauvieux.ch\/app\/uploads\/2023\/02\/chateauvieux-seminaire.jpeg\" alt=\"chateauvieux-seminaire-2\">\n      \n      <\/div>\n\n    <\/div>\n  <\/div>\n<\/section>\n\n<section class=\"block-image-text bg-right\"  id=\"\" style=\"background-color:; background-image: url('');\">\n  <div class=\"container block-wrapper\">\n    <div class=\"row\">\n      \n    <div class=\"col-md-6 bloc-image-gallery\">\n      <div class=\"container-fluid\">\n        <div class=\"row\">\n                        <img decoding=\"async\" class=\"image-haut\" src=\"https:\/\/chateauvieux.ch\/app\/uploads\/2025\/07\/Domaine-de-Chateauvieux_Epicerie_Fabien-Mene-\u00a9-Mathilda-Perrot-1.jpg\" alt=\"domaine-de-chateauvieux_epicerie_fabien-mene-mathilda-perrot-1\">\n                        \n                        \n                      <\/div>\n        <\/div>\n      <\/div>\n\n      <div class=\"col-md-6 content-column\">\n        <div class=\"fields-subtitle\">\n          <h5> Terroir et gastronomie <\/h5>\n        <\/div>\n        <div class=\"fields-title\">\n          <h3> L&#8217;EPICERIE CAVE DE CH\u00c2TEAUVIEUX <\/h3>\n        <\/div>\n        <div class=\"fields-description\">\n          <p><span class=\"OYPEnA font-feature-liga-off font-feature-clig-off font-feature-calt-off text-decoration-none text-strikethrough-none\">Situ\u00e9e au c\u0153ur du Domaine, l\u2019Epicerie Cave propose <strong>une s\u00e9lection de pr\u00e8s de 150 produits<\/strong> : des sp\u00e9cialit\u00e9s confectionn\u00e9es sur place, des produits locaux, des paniers et coffrets gourmands. Sans oublier les vins avec une cave qui abrite 250 r\u00e9f\u00e9rences et plus de 40 domaines viticoles dont certaines maisons historiques. <\/span><\/p>\n<p><span class=\"OYPEnA font-feature-liga-off font-feature-clig-off font-feature-calt-off text-decoration-none text-strikethrough-none\">L&#8217;Epicerie Cave est g\u00e9r\u00e9e par <strong>Fabien Mene<\/strong>, Meilleur Sommelier de Suisse 2021 et titulaire de la prestigieuse distinction de Master Sommelier.\u00a0<\/span><\/p>\n\n        <\/div>\n        <div class=\"button-container-wrapper\">\n\n                      <div class=\"row button-container\">\n              <a href=\"https:\/\/epicerie-chateauvieux.ch\/\" class=\"fields-button\">\n                EN SAVOIR PLUS\n              <\/a>\n                                        <\/div>\n            \n\n        <\/div>\n      <\/div>\n    <\/div>\n  <\/div>\n<\/section>\n","protected":false},"excerpt":{"rendered":"","protected":false},"author":2,"featured_media":0,"parent":0,"menu_order":6,"comment_status":"closed","ping_status":"closed","template":"","meta":{"inline_featured_image":false,"footnotes":""},"class_list":["post-2572","page","type-page","status-publish","hentry"],"acf":[],"yoast_head":"<!-- This site is optimized with the Yoast SEO plugin v23.9 - https:\/\/yoast.com\/wordpress\/plugins\/seo\/ -->\n<title>Le Domaine - Domaine de Ch\u00e2teauvieux<\/title>\n<meta name=\"description\" content=\"Ch\u00e2teauvieux est un lieu authentique, charg\u00e9 d&#039;histoire. Un havre de paix o\u00f9 les ma\u00eetres mots sont luxe, calme, s\u00e9r\u00e9nit\u00e9 et simplicit\u00e9.\" \/>\n<meta name=\"robots\" content=\"index, follow, max-snippet:-1, max-image-preview:large, max-video-preview:-1\" \/>\n<link rel=\"canonical\" href=\"https:\/\/chateauvieux.ch\/fr\/le-domaine\/\" \/>\n<meta property=\"og:locale\" content=\"fr_FR\" \/>\n<meta property=\"og:type\" content=\"article\" \/>\n<meta property=\"og:title\" content=\"Le Domaine - Domaine de Ch\u00e2teauvieux\" \/>\n<meta property=\"og:description\" content=\"Ch\u00e2teauvieux est un lieu authentique, charg\u00e9 d&#039;histoire. Un havre de paix o\u00f9 les ma\u00eetres mots sont luxe, calme, s\u00e9r\u00e9nit\u00e9 et simplicit\u00e9.\" \/>\n<meta property=\"og:url\" content=\"https:\/\/chateauvieux.ch\/fr\/le-domaine\/\" \/>\n<meta property=\"og:site_name\" content=\"Domaine de Ch\u00e2teauvieux\" \/>\n<meta property=\"article:modified_time\" content=\"2026-02-03T14:05:10+00:00\" \/>\n<meta name=\"twitter:card\" content=\"summary_large_image\" \/>\n<script type=\"application\/ld+json\" class=\"yoast-schema-graph\">{\"@context\":\"https:\/\/schema.org\",\"@graph\":[{\"@type\":\"WebPage\",\"@id\":\"https:\/\/chateauvieux.ch\/fr\/le-domaine\/\",\"url\":\"https:\/\/chateauvieux.ch\/fr\/le-domaine\/\",\"name\":\"Le Domaine - Domaine de Ch\u00e2teauvieux\",\"isPartOf\":{\"@id\":\"https:\/\/chateauvieux.ch\/fr\/#website\"},\"datePublished\":\"2022-12-19T12:55:57+00:00\",\"dateModified\":\"2026-02-03T14:05:10+00:00\",\"description\":\"Ch\u00e2teauvieux est un lieu authentique, charg\u00e9 d'histoire. Un havre de paix o\u00f9 les ma\u00eetres mots sont luxe, calme, s\u00e9r\u00e9nit\u00e9 et simplicit\u00e9.\",\"breadcrumb\":{\"@id\":\"https:\/\/chateauvieux.ch\/fr\/le-domaine\/#breadcrumb\"},\"inLanguage\":\"fr-FR\",\"potentialAction\":[{\"@type\":\"ReadAction\",\"target\":[\"https:\/\/chateauvieux.ch\/fr\/le-domaine\/\"]}]},{\"@type\":\"BreadcrumbList\",\"@id\":\"https:\/\/chateauvieux.ch\/fr\/le-domaine\/#breadcrumb\",\"itemListElement\":[{\"@type\":\"ListItem\",\"position\":1,\"name\":\"Home\",\"item\":\"https:\/\/chateauvieux.ch\/fr\/\"},{\"@type\":\"ListItem\",\"position\":2,\"name\":\"Le Domaine\"}]},{\"@type\":\"WebSite\",\"@id\":\"https:\/\/chateauvieux.ch\/fr\/#website\",\"url\":\"https:\/\/chateauvieux.ch\/fr\/\",\"name\":\"Domaine de Ch\u00e2teauvieux\",\"description\":\"Restaurant Gastronomique et H\u00f4tel\",\"publisher\":{\"@id\":\"https:\/\/chateauvieux.ch\/fr\/#organization\"},\"potentialAction\":[{\"@type\":\"SearchAction\",\"target\":{\"@type\":\"EntryPoint\",\"urlTemplate\":\"https:\/\/chateauvieux.ch\/fr\/?s={search_term_string}\"},\"query-input\":{\"@type\":\"PropertyValueSpecification\",\"valueRequired\":true,\"valueName\":\"search_term_string\"}}],\"inLanguage\":\"fr-FR\"},{\"@type\":\"Organization\",\"@id\":\"https:\/\/chateauvieux.ch\/fr\/#organization\",\"name\":\"Domaine de Ch\u00e2teauvieux\",\"url\":\"https:\/\/chateauvieux.ch\/fr\/\",\"logo\":{\"@type\":\"ImageObject\",\"inLanguage\":\"fr-FR\",\"@id\":\"https:\/\/chateauvieux.ch\/fr\/#\/schema\/logo\/image\/\",\"url\":\"https:\/\/chateauvieux.ch\/app\/uploads\/2022\/12\/domaine-chateauvieux-logo-white.svg\",\"contentUrl\":\"https:\/\/chateauvieux.ch\/app\/uploads\/2022\/12\/domaine-chateauvieux-logo-white.svg\",\"caption\":\"Domaine de Ch\u00e2teauvieux\"},\"image\":{\"@id\":\"https:\/\/chateauvieux.ch\/fr\/#\/schema\/logo\/image\/\"}}]}<\/script>\n<!-- \/ Yoast SEO plugin. -->","yoast_head_json":{"title":"Le Domaine - Domaine de Ch\u00e2teauvieux","description":"Ch\u00e2teauvieux est un lieu authentique, charg\u00e9 d'histoire. Un havre de paix o\u00f9 les ma\u00eetres mots sont luxe, calme, s\u00e9r\u00e9nit\u00e9 et simplicit\u00e9.","robots":{"index":"index","follow":"follow","max-snippet":"max-snippet:-1","max-image-preview":"max-image-preview:large","max-video-preview":"max-video-preview:-1"},"canonical":"https:\/\/chateauvieux.ch\/fr\/le-domaine\/","og_locale":"fr_FR","og_type":"article","og_title":"Le Domaine - Domaine de Ch\u00e2teauvieux","og_description":"Ch\u00e2teauvieux est un lieu authentique, charg\u00e9 d'histoire. Un havre de paix o\u00f9 les ma\u00eetres mots sont luxe, calme, s\u00e9r\u00e9nit\u00e9 et simplicit\u00e9.","og_url":"https:\/\/chateauvieux.ch\/fr\/le-domaine\/","og_site_name":"Domaine de Ch\u00e2teauvieux","article_modified_time":"2026-02-03T14:05:10+00:00","twitter_card":"summary_large_image","schema":{"@context":"https:\/\/schema.org","@graph":[{"@type":"WebPage","@id":"https:\/\/chateauvieux.ch\/fr\/le-domaine\/","url":"https:\/\/chateauvieux.ch\/fr\/le-domaine\/","name":"Le Domaine - Domaine de Ch\u00e2teauvieux","isPartOf":{"@id":"https:\/\/chateauvieux.ch\/fr\/#website"},"datePublished":"2022-12-19T12:55:57+00:00","dateModified":"2026-02-03T14:05:10+00:00","description":"Ch\u00e2teauvieux est un lieu authentique, charg\u00e9 d'histoire. Un havre de paix o\u00f9 les ma\u00eetres mots sont luxe, calme, s\u00e9r\u00e9nit\u00e9 et simplicit\u00e9.","breadcrumb":{"@id":"https:\/\/chateauvieux.ch\/fr\/le-domaine\/#breadcrumb"},"inLanguage":"fr-FR","potentialAction":[{"@type":"ReadAction","target":["https:\/\/chateauvieux.ch\/fr\/le-domaine\/"]}]},{"@type":"BreadcrumbList","@id":"https:\/\/chateauvieux.ch\/fr\/le-domaine\/#breadcrumb","itemListElement":[{"@type":"ListItem","position":1,"name":"Home","item":"https:\/\/chateauvieux.ch\/fr\/"},{"@type":"ListItem","position":2,"name":"Le Domaine"}]},{"@type":"WebSite","@id":"https:\/\/chateauvieux.ch\/fr\/#website","url":"https:\/\/chateauvieux.ch\/fr\/","name":"Domaine de Ch\u00e2teauvieux","description":"Restaurant Gastronomique et H\u00f4tel","publisher":{"@id":"https:\/\/chateauvieux.ch\/fr\/#organization"},"potentialAction":[{"@type":"SearchAction","target":{"@type":"EntryPoint","urlTemplate":"https:\/\/chateauvieux.ch\/fr\/?s={search_term_string}"},"query-input":{"@type":"PropertyValueSpecification","valueRequired":true,"valueName":"search_term_string"}}],"inLanguage":"fr-FR"},{"@type":"Organization","@id":"https:\/\/chateauvieux.ch\/fr\/#organization","name":"Domaine de Ch\u00e2teauvieux","url":"https:\/\/chateauvieux.ch\/fr\/","logo":{"@type":"ImageObject","inLanguage":"fr-FR","@id":"https:\/\/chateauvieux.ch\/fr\/#\/schema\/logo\/image\/","url":"https:\/\/chateauvieux.ch\/app\/uploads\/2022\/12\/domaine-chateauvieux-logo-white.svg","contentUrl":"https:\/\/chateauvieux.ch\/app\/uploads\/2022\/12\/domaine-chateauvieux-logo-white.svg","caption":"Domaine de Ch\u00e2teauvieux"},"image":{"@id":"https:\/\/chateauvieux.ch\/fr\/#\/schema\/logo\/image\/"}}]}},"_links":{"self":[{"href":"https:\/\/chateauvieux.ch\/fr\/wp-json\/wp\/v2\/pages\/2572"}],"collection":[{"href":"https:\/\/chateauvieux.ch\/fr\/wp-json\/wp\/v2\/pages"}],"about":[{"href":"https:\/\/chateauvieux.ch\/fr\/wp-json\/wp\/v2\/types\/page"}],"author":[{"embeddable":true,"href":"https:\/\/chateauvieux.ch\/fr\/wp-json\/wp\/v2\/users\/2"}],"replies":[{"embeddable":true,"href":"https:\/\/chateauvieux.ch\/fr\/wp-json\/wp\/v2\/comments?post=2572"}],"version-history":[{"count":159,"href":"https:\/\/chateauvieux.ch\/fr\/wp-json\/wp\/v2\/pages\/2572\/revisions"}],"predecessor-version":[{"id":7986,"href":"https:\/\/chateauvieux.ch\/fr\/wp-json\/wp\/v2\/pages\/2572\/revisions\/7986"}],"wp:attachment":[{"href":"https:\/\/chateauvieux.ch\/fr\/wp-json\/wp\/v2\/media?parent=2572"}],"curies":[{"name":"wp","href":"https:\/\/api.w.org\/{rel}","templated":true}]}}